{"id":7088,"date":"2024-10-03T16:13:12","date_gmt":"2024-10-03T20:13:12","guid":{"rendered":"https:\/\/aircompressorcanada.com\/new\/?page_id=7088"},"modified":"2026-04-01T11:37:43","modified_gmt":"2026-04-01T15:37:43","slug":"energy-rebates","status":"publish","type":"page","link":"https:\/\/aircompressorcanada.com\/fr\/energy-rebates\/","title":{"rendered":"Energy Rebates"},"content":{"rendered":"<div data-elementor-type=\"wp-page\" data-elementor-id=\"7088\" class=\"elementor elementor-7088\" data-elementor-settings=\"{&quot;element_pack_global_tooltip_width&quot;:{&quot;unit&quot;:&quot;px&quot;,&quot;size&quot;:&quot;&quot;,&quot;sizes&quot;:[]},&quot;element_pack_global_tooltip_width_tablet&quot;:{&quot;unit&quot;:&quot;px&quot;,&quot;size&quot;:&quot;&quot;,&quot;sizes&quot;:[]},&quot;element_pack_global_tooltip_width_mobile&quot;:{&quot;unit&quot;:&quot;px&quot;,&quot;size&quot;:&quot;&quot;,&quot;sizes&quot;:[]},&quot;element_pack_global_tooltip_padding&quot;:{&quot;unit&quot;:&quot;px&quot;,&quot;top&quot;:&quot;&quot;,&quot;right&quot;:&quot;&quot;,&quot;bottom&quot;:&quot;&quot;,&quot;left&quot;:&quot;&quot;,&quot;isLinked&quot;:true},&quot;element_pack_global_tooltip_padding_tablet&quot;:{&quot;unit&quot;:&quot;px&quot;,&quot;top&quot;:&quot;&quot;,&quot;right&quot;:&quot;&quot;,&quot;bottom&quot;:&quot;&quot;,&quot;left&quot;:&quot;&quot;,&quot;isLinked&quot;:true},&quot;element_pack_global_tooltip_padding_mobile&quot;:{&quot;unit&quot;:&quot;px&quot;,&quot;top&quot;:&quot;&quot;,&quot;right&quot;:&quot;&quot;,&quot;bottom&quot;:&quot;&quot;,&quot;left&quot;:&quot;&quot;,&quot;isLinked&quot;:true},&quot;element_pack_global_tooltip_border_radius&quot;:{&quot;unit&quot;:&quot;px&quot;,&quot;top&quot;:&quot;&quot;,&quot;right&quot;:&quot;&quot;,&quot;bottom&quot;:&quot;&quot;,&quot;left&quot;:&quot;&quot;,&quot;isLinked&quot;:true},&quot;element_pack_global_tooltip_border_radius_tablet&quot;:{&quot;unit&quot;:&quot;px&quot;,&quot;top&quot;:&quot;&quot;,&quot;right&quot;:&quot;&quot;,&quot;bottom&quot;:&quot;&quot;,&quot;left&quot;:&quot;&quot;,&quot;isLinked&quot;:true},&quot;element_pack_global_tooltip_border_radius_mobile&quot;:{&quot;unit&quot;:&quot;px&quot;,&quot;top&quot;:&quot;&quot;,&quot;right&quot;:&quot;&quot;,&quot;bottom&quot;:&quot;&quot;,&quot;left&quot;:&quot;&quot;,&quot;isLinked&quot;:true}}\" data-elementor-post-type=\"page\">\n\t\t\t\t<div data-particle_enable=\"false\" data-particle-mobile-disabled=\"false\" class=\"elementor-element elementor-element-16dd4ff5 e-con-full e-flex e-con e-parent\" data-id=\"16dd4ff5\" data-element_type=\"container\" data-e-type=\"container\" id=\"about\" data-settings=\"{&quot;background_background&quot;:&quot;classic&quot;,&quot;jet_parallax_layout_list&quot;:[]}\">\n\t\t<div data-particle_enable=\"false\" data-particle-mobile-disabled=\"false\" class=\"elementor-element elementor-element-3333f03 e-flex e-con-boxed e-con e-child\" data-id=\"3333f03\" data-element_type=\"container\" data-e-type=\"container\" data-settings=\"{&quot;jet_parallax_layout_list&quot;:[]}\">\n\t\t\t\t\t<div class=\"e-con-inner\">\n\t\t\t\t<div class=\"elementor-element elementor-element-2f9a3273 elementor-invisible elementor-widget elementor-widget-heading\" data-id=\"2f9a3273\" data-element_type=\"widget\" data-e-type=\"widget\" data-settings=\"{&quot;_animation&quot;:&quot;zoomOut&quot;,&quot;_animation_delay&quot;:&quot;180&quot;}\" data-widget_type=\"heading.default\">\n\t\t\t\t<div class=\"elementor-widget-container\">\n\t\t\t\t\t<h1 class=\"elementor-heading-title elementor-size-default\">Efficacit\u00e9 \u00e9nerg\u00e9tique et environnement durable <\/h1>\t\t\t\t<\/div>\n\t\t\t\t<\/div>\n\t\t\t\t<div class=\"elementor-element elementor-element-769e8d4b elementor-widget__width-initial elementor-widget-mobile__width-inherit elementor-invisible elementor-widget elementor-widget-text-editor\" data-id=\"769e8d4b\" data-element_type=\"widget\" data-e-type=\"widget\" data-settings=\"{&quot;_animation&quot;:&quot;zoomOut&quot;,&quot;_animation_delay&quot;:&quot;180&quot;}\" data-widget_type=\"text-editor.default\">\n\t\t\t\t<div class=\"elementor-widget-container\">\n\t\t\t\t\t\t\t\t\t<p>Le souci de notre monde et la recherche et d\u00e9veloppement continue nous permettent de rester \u00e0 la pointe de la technologie.<\/p>\t\t\t\t\t\t\t\t<\/div>\n\t\t\t\t<\/div>\n\t\t\t\t\t<\/div>\n\t\t\t\t<\/div>\n\t\t<div data-particle_enable=\"false\" data-particle-mobile-disabled=\"false\" class=\"elementor-element elementor-element-3b32df62 e-con-full e-flex e-con e-child\" data-id=\"3b32df62\" data-element_type=\"container\" data-e-type=\"container\" data-settings=\"{&quot;jet_parallax_layout_list&quot;:[]}\">\n\t\t\t\t<div class=\"elementor-element elementor-element-3b88406f elementor-widget elementor-widget-image\" data-id=\"3b88406f\" data-element_type=\"widget\" data-e-type=\"widget\" data-widget_type=\"image.default\">\n\t\t\t\t<div class=\"elementor-widget-container\">\n\t\t\t\t\t\t\t\t\t\t\t\t\t\t\t<img fetchpriority=\"high\" decoding=\"async\" width=\"1920\" height=\"1080\" src=\"https:\/\/aircompressorcanada.com\/wp-content\/uploads\/2024\/10\/\u00b7\u00a6\u00b7-\u00af2-scaled.webp\" class=\"attachment-full size-full wp-image-7102\" alt=\"\" srcset=\"https:\/\/aircompressorcanada.com\/wp-content\/uploads\/2024\/10\/\u00b7\u00a6\u00b7-\u00af2-scaled.webp 1920w, https:\/\/aircompressorcanada.com\/wp-content\/uploads\/2024\/10\/\u00b7\u00a6\u00b7-\u00af2-300x169.webp 300w, https:\/\/aircompressorcanada.com\/wp-content\/uploads\/2024\/10\/\u00b7\u00a6\u00b7-\u00af2-1024x576.webp 1024w, https:\/\/aircompressorcanada.com\/wp-content\/uploads\/2024\/10\/\u00b7\u00a6\u00b7-\u00af2-768x432.webp 768w, https:\/\/aircompressorcanada.com\/wp-content\/uploads\/2024\/10\/\u00b7\u00a6\u00b7-\u00af2-1536x864.webp 1536w, https:\/\/aircompressorcanada.com\/wp-content\/uploads\/2024\/10\/\u00b7\u00a6\u00b7-\u00af2-18x10.webp 18w, https:\/\/aircompressorcanada.com\/wp-content\/uploads\/2024\/10\/\u00b7\u00a6\u00b7-\u00af2-360x203.webp 360w, https:\/\/aircompressorcanada.com\/wp-content\/uploads\/2024\/10\/\u00b7\u00a6\u00b7-\u00af2-650x366.webp 650w, https:\/\/aircompressorcanada.com\/wp-content\/uploads\/2024\/10\/\u00b7\u00a6\u00b7-\u00af2-600x338.webp 600w\" sizes=\"(max-width: 1920px) 100vw, 1920px\" \/>\t\t\t\t\t\t\t\t\t\t\t\t\t\t\t<\/div>\n\t\t\t\t<\/div>\n\t\t\t\t<\/div>\n\t\t<div data-particle_enable=\"false\" data-particle-mobile-disabled=\"false\" class=\"elementor-element elementor-element-6be493eb e-flex e-con-boxed e-con e-child\" data-id=\"6be493eb\" data-element_type=\"container\" data-e-type=\"container\" data-settings=\"{&quot;jet_parallax_layout_list&quot;:[]}\">\n\t\t\t\t\t<div class=\"e-con-inner\">\n\t\t<div data-particle_enable=\"false\" data-particle-mobile-disabled=\"false\" class=\"elementor-element elementor-element-420f3cc0 e-con-full e-flex e-con e-child\" data-id=\"420f3cc0\" data-element_type=\"container\" data-e-type=\"container\" data-settings=\"{&quot;jet_parallax_layout_list&quot;:[]}\">\n\t\t\t\t<div class=\"elementor-element elementor-element-440d3a90 ui-e-align-left ui-e-align-tablet-left ui-e-align-mobile-center elementor-invisible elementor-widget elementor-widget-uicore-icon-box\" data-id=\"440d3a90\" data-element_type=\"widget\" data-e-type=\"widget\" data-settings=\"{&quot;_animation&quot;:&quot;zoomIn&quot;,&quot;_animation_delay&quot;:&quot;180&quot;,&quot;content_padding&quot;:{&quot;unit&quot;:&quot;px&quot;,&quot;top&quot;:&quot;&quot;,&quot;right&quot;:&quot;&quot;,&quot;bottom&quot;:&quot;&quot;,&quot;left&quot;:&quot;&quot;,&quot;isLinked&quot;:true},&quot;content_padding_tablet&quot;:{&quot;unit&quot;:&quot;px&quot;,&quot;top&quot;:&quot;&quot;,&quot;right&quot;:&quot;&quot;,&quot;bottom&quot;:&quot;&quot;,&quot;left&quot;:&quot;&quot;,&quot;isLinked&quot;:true},&quot;content_padding_mobile&quot;:{&quot;unit&quot;:&quot;px&quot;,&quot;top&quot;:&quot;&quot;,&quot;right&quot;:&quot;&quot;,&quot;bottom&quot;:&quot;&quot;,&quot;left&quot;:&quot;&quot;,&quot;isLinked&quot;:true}}\" data-widget_type=\"uicore-icon-box.default\">\n\t\t\t\t<div class=\"elementor-widget-container\">\n\t\t\t\t\t\n        <div class=\"ui-e-ico-box\" >\n\n            \n            <div class='ui-e-flex-wrp'>\n\n                \n                \n            <\/div>\n\n            <div class=\"ui-e-box-content\">\n                <div class=\"ui-e-title-wrp\"><h4 class=\"ui-e-title\"><\/h4><\/div>\n                <div class=\"ui-e-description\">\n                    <p>Nos compresseurs \u00e0 vitesse variable et \u00e0 haut rendement peuvent vous faire \u00e9conomiser jusqu&#039;\u00e0 35% d&#039;\u00e9lectricit\u00e9 par rapport \u00e0 un compresseur \u00e0 vitesse fixe. Cela vous fera \u00e9conomiser des milliers de dollars chaque ann\u00e9e et contribuera \u00e0 la protection de l&#039;environnement. L&#039;\u00e9lectricit\u00e9 repr\u00e9sente 75% des co\u00fbts de vie des compresseurs d&#039;air. Alors qu&#039;environ 25% repr\u00e9sentent le prix initial de l&#039;\u00e9quipement plus la maintenance.<\/p>                <\/div>\n\n                \n            <\/div>\n        <\/div>\n\t\t\t\t<\/div>\n\t\t\t\t<\/div>\n\t\t\t\t<\/div>\n\t\t<div data-particle_enable=\"false\" data-particle-mobile-disabled=\"false\" class=\"elementor-element elementor-element-74859406 e-con-full e-flex e-con e-child\" data-id=\"74859406\" data-element_type=\"container\" data-e-type=\"container\" data-settings=\"{&quot;jet_parallax_layout_list&quot;:[]}\">\n\t\t\t\t<div class=\"elementor-element elementor-element-234d919e ui-e-align-left ui-e-align-tablet-left ui-e-align-mobile-center elementor-invisible elementor-widget elementor-widget-uicore-icon-box\" data-id=\"234d919e\" data-element_type=\"widget\" data-e-type=\"widget\" data-settings=\"{&quot;_animation&quot;:&quot;zoomIn&quot;,&quot;_animation_delay&quot;:240,&quot;content_padding&quot;:{&quot;unit&quot;:&quot;px&quot;,&quot;top&quot;:&quot;&quot;,&quot;right&quot;:&quot;&quot;,&quot;bottom&quot;:&quot;&quot;,&quot;left&quot;:&quot;&quot;,&quot;isLinked&quot;:true},&quot;content_padding_tablet&quot;:{&quot;unit&quot;:&quot;px&quot;,&quot;top&quot;:&quot;&quot;,&quot;right&quot;:&quot;&quot;,&quot;bottom&quot;:&quot;&quot;,&quot;left&quot;:&quot;&quot;,&quot;isLinked&quot;:true},&quot;content_padding_mobile&quot;:{&quot;unit&quot;:&quot;px&quot;,&quot;top&quot;:&quot;&quot;,&quot;right&quot;:&quot;&quot;,&quot;bottom&quot;:&quot;&quot;,&quot;left&quot;:&quot;&quot;,&quot;isLinked&quot;:true}}\" data-widget_type=\"uicore-icon-box.default\">\n\t\t\t\t<div class=\"elementor-widget-container\">\n\t\t\t\t\t\n        <div class=\"ui-e-ico-box\" >\n\n            \n            <div class='ui-e-flex-wrp'>\n\n                \n                \n            <\/div>\n\n            <div class=\"ui-e-box-content\">\n                <div class=\"ui-e-title-wrp\"><h4 class=\"ui-e-title\"><\/h4><\/div>\n                <div class=\"ui-e-description\">\n                    <p>Nos ing\u00e9nieurs et concepteurs s&#039;efforcent en permanence d&#039;am\u00e9liorer l&#039;efficacit\u00e9 \u00e9nerg\u00e9tique de nos produits. Cela permettra \u00e0 nos pr\u00e9cieux clients de rester comp\u00e9titifs et, en m\u00eame temps, d&#039;aider notre monde \u00e0 r\u00e9duire les \u00e9missions de CO2, \u00e0 atteindre les objectifs climatiques, \u00e0 maintenir des niveaux sonores appropri\u00e9s dans les environnements de travail et \u00e0 cr\u00e9er de la valeur pour les actionnaires.<\/p>                <\/div>\n\n                \n            <\/div>\n        <\/div>\n\t\t\t\t<\/div>\n\t\t\t\t<\/div>\n\t\t\t\t<\/div>\n\t\t<div data-particle_enable=\"false\" data-particle-mobile-disabled=\"false\" class=\"elementor-element elementor-element-438e53bd e-con-full e-flex e-con e-child\" data-id=\"438e53bd\" data-element_type=\"container\" data-e-type=\"container\" data-settings=\"{&quot;jet_parallax_layout_list&quot;:[]}\">\n\t\t\t\t<div class=\"elementor-element elementor-element-370a852b ui-e-align-left ui-e-align-tablet-left ui-e-align-mobile-center elementor-invisible elementor-widget elementor-widget-uicore-icon-box\" data-id=\"370a852b\" data-element_type=\"widget\" data-e-type=\"widget\" data-settings=\"{&quot;_animation&quot;:&quot;zoomIn&quot;,&quot;_animation_delay&quot;:300,&quot;content_padding&quot;:{&quot;unit&quot;:&quot;px&quot;,&quot;top&quot;:&quot;&quot;,&quot;right&quot;:&quot;&quot;,&quot;bottom&quot;:&quot;&quot;,&quot;left&quot;:&quot;&quot;,&quot;isLinked&quot;:true},&quot;content_padding_tablet&quot;:{&quot;unit&quot;:&quot;px&quot;,&quot;top&quot;:&quot;&quot;,&quot;right&quot;:&quot;&quot;,&quot;bottom&quot;:&quot;&quot;,&quot;left&quot;:&quot;&quot;,&quot;isLinked&quot;:true},&quot;content_padding_mobile&quot;:{&quot;unit&quot;:&quot;px&quot;,&quot;top&quot;:&quot;&quot;,&quot;right&quot;:&quot;&quot;,&quot;bottom&quot;:&quot;&quot;,&quot;left&quot;:&quot;&quot;,&quot;isLinked&quot;:true}}\" data-widget_type=\"uicore-icon-box.default\">\n\t\t\t\t<div class=\"elementor-widget-container\">\n\t\t\t\t\t\n        <div class=\"ui-e-ico-box\" >\n\n            \n            <div class='ui-e-flex-wrp'>\n\n                \n                \n            <\/div>\n\n            <div class=\"ui-e-box-content\">\n                <div class=\"ui-e-title-wrp\"><h4 class=\"ui-e-title\"><\/h4><\/div>\n                <div class=\"ui-e-description\">\n                    <p>Nous sommes r\u00e9solument engag\u00e9s \u00e0 prendre les devants en mati\u00e8re de r\u00e9duction de la consommation d&#039;\u00e9nergie et des \u00e9missions de CO2. Nous sommes convaincus que nous pouvons travailler ensemble pour apporter un changement positif. Veuillez nous contacter d\u00e8s aujourd&#039;hui pour discuter de la mani\u00e8re dont vous pouvez b\u00e9n\u00e9ficier de nos solutions \u00e9co\u00e9nerg\u00e9tiques et des incitations et rabais disponibles offerts par les entreprises d&#039;\u00e9lectricit\u00e9 et d&#039;autres organisations de votre r\u00e9gion.<\/p>                <\/div>\n\n                \n            <\/div>\n        <\/div>\n\t\t\t\t<\/div>\n\t\t\t\t<\/div>\n\t\t\t\t<\/div>\n\t\t\t\t\t<\/div>\n\t\t\t\t<\/div>\n\t\t\t\t<\/div>\n\t\t\t\t<section data-particle_enable=\"false\" data-particle-mobile-disabled=\"false\" class=\"elementor-section elementor-top-section elementor-element elementor-element-71938fd8 elementor-section-boxed elementor-section-height-default elementor-section-height-default\" data-id=\"71938fd8\" data-element_type=\"section\" data-e-type=\"section\" data-settings=\"{&quot;jet_parallax_layout_list&quot;:[]}\">\n\t\t\t\t\t\t<div class=\"elementor-container elementor-column-gap-default\">\n\t\t\t\t\t<div class=\"elementor-column elementor-col-100 elementor-top-column elementor-element elementor-element-2eb3f5e4\" data-id=\"2eb3f5e4\" data-element_type=\"column\" data-e-type=\"column\" data-settings=\"{&quot;background_background&quot;:&quot;classic&quot;}\">\n\t\t\t<div class=\"elementor-widget-wrap elementor-element-populated\">\n\t\t\t\t\t\t<div class=\"elementor-element elementor-element-70d912ab elementor-invisible elementor-widget elementor-widget-heading\" data-id=\"70d912ab\" data-element_type=\"widget\" data-e-type=\"widget\" data-settings=\"{&quot;_animation&quot;:&quot;fadeInUp&quot;,&quot;_animation_delay&quot;:460}\" data-widget_type=\"heading.default\">\n\t\t\t\t<div class=\"elementor-widget-container\">\n\t\t\t\t\t<h2 class=\"elementor-heading-title elementor-size-default\">Veuillez consulter les liens correspondant \u00e0 votre r\u00e9gion ci-dessous<\/h2>\t\t\t\t<\/div>\n\t\t\t\t<\/div>\n\t\t\t\t\t<\/div>\n\t\t<\/div>\n\t\t\t\t\t<\/div>\n\t\t<\/section>\n\t\t<div data-particle_enable=\"false\" data-particle-mobile-disabled=\"false\" class=\"elementor-element elementor-element-45e8d8c8 e-flex e-con-boxed e-con e-parent\" data-id=\"45e8d8c8\" data-element_type=\"container\" data-e-type=\"container\" data-settings=\"{&quot;jet_parallax_layout_list&quot;:[]}\">\n\t\t\t\t\t<div class=\"e-con-inner\">\n\t\t<div data-particle_enable=\"false\" data-particle-mobile-disabled=\"false\" class=\"elementor-element elementor-element-26a52ea1 e-con-full e-flex e-con e-child\" data-id=\"26a52ea1\" data-element_type=\"container\" data-e-type=\"container\" data-settings=\"{&quot;jet_parallax_layout_list&quot;:[]}\">\n\t\t\t\t<div class=\"elementor-element elementor-element-483d8533 elementor-widget__width-initial elementor-widget-mobile__width-inherit elementor-invisible elementor-widget elementor-widget-heading\" data-id=\"483d8533\" data-element_type=\"widget\" data-e-type=\"widget\" data-settings=\"{&quot;_animation&quot;:&quot;fadeInRight&quot;,&quot;_animation_delay&quot;:200}\" data-widget_type=\"heading.default\">\n\t\t\t\t<div class=\"elementor-widget-container\">\n\t\t\t\t\t<h3 class=\"elementor-heading-title elementor-size-default\">Canada<\/h3>\t\t\t\t<\/div>\n\t\t\t\t<\/div>\n\t\t\t\t<div class=\"elementor-element elementor-element-5337d8e1 elementor-widget__width-inherit elementor-invisible elementor-widget elementor-widget-text-editor\" data-id=\"5337d8e1\" data-element_type=\"widget\" data-e-type=\"widget\" data-settings=\"{&quot;_animation&quot;:&quot;fadeInRight&quot;,&quot;_animation_delay&quot;:&quot;300&quot;}\" data-widget_type=\"text-editor.default\">\n\t\t\t\t<div class=\"elementor-widget-container\">\n\t\t\t\t\t\t\t\t\t<p><a href=\"https:\/\/saveonenergy.ca\/en\/For-Business-and-Industry\" target=\"_blank\" rel=\"noopener\">https:\/\/saveonenergy.ca\/en\/For-Business-and-Industry<\/a><\/p>\t\t\t\t\t\t\t\t<\/div>\n\t\t\t\t<\/div>\n\t\t\t\t<\/div>\n\t\t\t\t\t<\/div>\n\t\t\t\t<\/div>\n\t\t\t\t<\/div>","protected":false},"excerpt":{"rendered":"<p>Energy Efficiency and a sustainable environment Concern for our world and Continuous R&amp;D ensures that we stay on top of [&hellip;]<\/p>\n","protected":false},"author":1,"featured_media":0,"parent":0,"menu_order":0,"comment_status":"closed","ping_status":"closed","template":"elementor_header_footer","meta":{"_glsr_average":0,"_glsr_ranking":0,"_glsr_reviews":0,"footnotes":""},"class_list":["post-7088","page","type-page","status-publish","hentry"],"_links":{"self":[{"href":"https:\/\/aircompressorcanada.com\/fr\/wp-json\/wp\/v2\/pages\/7088","targetHints":{"allow":["GET"]}}],"collection":[{"href":"https:\/\/aircompressorcanada.com\/fr\/wp-json\/wp\/v2\/pages"}],"about":[{"href":"https:\/\/aircompressorcanada.com\/fr\/wp-json\/wp\/v2\/types\/page"}],"author":[{"embeddable":true,"href":"https:\/\/aircompressorcanada.com\/fr\/wp-json\/wp\/v2\/users\/1"}],"replies":[{"embeddable":true,"href":"https:\/\/aircompressorcanada.com\/fr\/wp-json\/wp\/v2\/comments?post=7088"}],"version-history":[{"count":4,"href":"https:\/\/aircompressorcanada.com\/fr\/wp-json\/wp\/v2\/pages\/7088\/revisions"}],"predecessor-version":[{"id":44225,"href":"https:\/\/aircompressorcanada.com\/fr\/wp-json\/wp\/v2\/pages\/7088\/revisions\/44225"}],"wp:attachment":[{"href":"https:\/\/aircompressorcanada.com\/fr\/wp-json\/wp\/v2\/media?parent=7088"}],"curies":[{"name":"wp","href":"https:\/\/api.w.org\/{rel}","templated":true}]}}