{"id":38954,"date":"2026-04-27T16:08:46","date_gmt":"2026-04-27T20:08:46","guid":{"rendered":"https:\/\/aircompressorcanada.com\/new\/?post_type=product&#038;p=38954"},"modified":"2026-04-27T16:17:17","modified_gmt":"2026-04-27T20:17:17","slug":"7-hp-oil-free-scroll-compressor-vsd","status":"publish","type":"product","link":"https:\/\/aircompressorcanada.com\/fr\/produit\/7-hp-oil-free-scroll-compressor-vsd\/","title":{"rendered":"7 HP OIL FREE TANK MOUNTED SCROLL -VSD- Compressor  | 1-3 Phase | 208-600 Volts | 30 CFM"},"content":{"rendered":"<p>Les industries pharmaceutiques, agroalimentaires, \u00e9lectroniques et textiles, entre autres, ne peuvent tol\u00e9rer aucune contamination par les hydrocarbures dans leurs proc\u00e9d\u00e9s. Il est donc essentiel que l&#039;air comprim\u00e9 soit exempt d&#039;huile (norme ISO 8573-1:2010). La norme de certification, classe z\u00e9ro, garantit un air d&#039;une puret\u00e9 maximale. C&#039;est le seul moyen d&#039;assurer un air exempt d&#039;huile pour vos proc\u00e9d\u00e9s critiques et, par cons\u00e9quent, une totale tranquillit\u00e9 d&#039;esprit.<\/p>\n<p>Leur fiabilit\u00e9 exceptionnelle, leurs faibles co\u00fbts d&#039;entretien et d&#039;exploitation font des compresseurs sans huile un investissement judicieux.<\/p>\n<h3>Air de haute qualit\u00e9 et \u00e0 haut rendement<\/h3>\n<p>Cette gamme offre des performances de premier ordre, une efficacit\u00e9 optimale et une qualit\u00e9 irr\u00e9prochable. De plus, gr\u00e2ce \u00e0 un compresseur sans huile, vous r\u00e9duisez votre co\u00fbt total de possession de trois mani\u00e8res\u00a0:<\/p>\n<p>(1) en \u00e9vitant les remplacements co\u00fbteux de filtres,<br \/>\n(2) r\u00e9duire les co\u00fbts d&#039;entretien pour le traitement des condensats de p\u00e9trole et<br \/>\n(3) les co\u00fbts de l\u2019\u00e9nergie suppl\u00e9mentaire n\u00e9cessaire pour lutter contre la chute de pression \u00e0 travers les filtres.<\/p>\n<h3>Performances de qualit\u00e9 sup\u00e9rieure<\/h3>\n<p>\u2022 Pression nominale jusqu&#039;\u00e0 10 bars.<br \/>\n\u2022 Sortie de :<br \/>\n\u2013 6,8 \u00e0 147 m\u00b3\/h.<br \/>\n\u2013 1,9 \u00e0 40,8 l\/s.<br \/>\n\u2013 4,0 \u00e0 86,5 cfm.<br \/>\n\u2022 Des niveaux sonores aussi bas que 53 dB.<\/p>\n<h3>efficacit\u00e9 optimale<\/h3>\n<p>\u2022 S\u00e9cheur int\u00e9gr\u00e9 pour r\u00e9duire la perte de charge en aval.<br \/>\n\u2022 Technologie de compression de derni\u00e8re g\u00e9n\u00e9ration, con\u00e7ue en interne.<br \/>\n\u2022 \u00c9quip\u00e9 de s\u00e9rie d&#039;un moteur IE3 \u00e0 haut rendement.<\/p>\n<h3>Qualit\u00e9 sup\u00e9rieure<\/h3>\n<p>\u2022 Air de qualit\u00e9 certifi\u00e9 Classe 0*.<br \/>\n\u2022 Mat\u00e9riaux r\u00e9sistants \u00e0 la corrosion.<br \/>\n\u2013 flexibles en acier inoxydable<br \/>\n\u2013 r\u00e9servoir \u00e0 rev\u00eatement \u00e9poxy \u00e0 l&#039;int\u00e9rieur<br \/>\n\u2022 Mesures de s\u00e9curit\u00e9<br \/>\n\u2013 Capteur de temp\u00e9rature ambiante<br \/>\n\u2013 Capteur de temp\u00e9rature de sortie via le contr\u00f4leur graphique<br \/>\n\u2013 Identification et enregistrement des arr\u00eats<br \/>\n\u2013 Visualisation du planning de service<\/p>","protected":false},"excerpt":{"rendered":"<p>Compresseur VSD (jusqu&#039;\u00e0 35% d&#039;\u00e9conomies d&#039;\u00e9nergie)<br \/>\nFree Air Delivery 30 CFM @ 100 PSI \/ 25 CFM @ 150 PSI<br \/>\nLifetime Bumper to Bumper Exchange Warranty<\/p>","protected":false},"featured_media":44852,"template":"","meta":{"_glsr_average":0,"_glsr_ranking":0,"_glsr_reviews":0},"product_brand":[],"product_cat":[867],"product_tag":[864,871,63],"class_list":{"0":"post-38954","1":"product","2":"type-product","3":"status-publish","4":"has-post-thumbnail","6":"product_cat-oil-free-scroll-compressor","7":"product_tag-oil-free-compressor","8":"product_tag-oil-free-scroll-air-center-compressor","9":"product_tag-rotary-screw-air-compressor","11":"first","12":"instock","13":"taxable","14":"shipping-taxable","15":"purchasable","16":"product-type-variable"},"_links":{"self":[{"href":"https:\/\/aircompressorcanada.com\/fr\/wp-json\/wp\/v2\/product\/38954","targetHints":{"allow":["GET"]}}],"collection":[{"href":"https:\/\/aircompressorcanada.com\/fr\/wp-json\/wp\/v2\/product"}],"about":[{"href":"https:\/\/aircompressorcanada.com\/fr\/wp-json\/wp\/v2\/types\/product"}],"wp:featuredmedia":[{"embeddable":true,"href":"https:\/\/aircompressorcanada.com\/fr\/wp-json\/wp\/v2\/media\/44852"}],"wp:attachment":[{"href":"https:\/\/aircompressorcanada.com\/fr\/wp-json\/wp\/v2\/media?parent=38954"}],"wp:term":[{"taxonomy":"product_brand","embeddable":true,"href":"https:\/\/aircompressorcanada.com\/fr\/wp-json\/wp\/v2\/product_brand?post=38954"},{"taxonomy":"product_cat","embeddable":true,"href":"https:\/\/aircompressorcanada.com\/fr\/wp-json\/wp\/v2\/product_cat?post=38954"},{"taxonomy":"product_tag","embeddable":true,"href":"https:\/\/aircompressorcanada.com\/fr\/wp-json\/wp\/v2\/product_tag?post=38954"}],"curies":[{"name":"wp","href":"https:\/\/api.w.org\/{rel}","templated":true}]}}