{"id":44841,"date":"2026-04-27T14:45:35","date_gmt":"2026-04-27T18:45:35","guid":{"rendered":"https:\/\/aircompressorcanada.com\/?post_type=product&#038;p=44841"},"modified":"2026-04-27T16:21:16","modified_gmt":"2026-04-27T20:21:16","slug":"20-hp-air-center-compressor-fixed-speed","status":"publish","type":"product","link":"https:\/\/aircompressorcanada.com\/fr\/produit\/20-hp-air-center-compressor-fixed-speed\/","title":{"rendered":"20 HP ACC AIR CENTER Rotary Screw -Fixed Speed- Compressor With Built in Dryer And Tank  | 3 Phase | 575-600 Volts | 86 CFM"},"content":{"rendered":"<h3>La solution compacte TOUT-EN-UN<\/h3>\n<p>ACC integrated compressed air package includes a rotary screw compressor, refrigerated dryer, filters and a storage tank with minimal space requirement.<\/p>\n<p>La gamme de compresseurs \u00e0 vis rotatifs cl\u00e9s en main de Air Centers allie une efficacit\u00e9 exceptionnelle et des performances \u00e9conomiques \u00e0 une production, un traitement et un stockage d&#039;air comprim\u00e9 ultra-silencieux. Le bo\u00eetier en poly\u00e9thyl\u00e8ne rotomoul\u00e9 \u00e0 double paroi d&#039;Air Centers dissimule un syst\u00e8me d&#039;alimentation en air comprim\u00e9 complet.<\/p>\n<h3>What advantages does an ACC Air Center compressor have?<\/h3>\n<ul>\n<li>ACC AIR CENTERS \u00a0feature a rotary screw compressor air-end equipped with high- efficiency rotors to ensure more air for less energy<\/li>\n<li>Avec une puissance d&#039;entra\u00eenement disponible de 5 \u00e0 30 ch, vous trouverez toujours le mod\u00e8le adapt\u00e9 \u00e0 vos besoins sp\u00e9cifiques en air comprim\u00e9<\/li>\n<li>With a maximum sound level of 60 dB(A), ACC integrated packages are exceptionally quiet. Equipped with an integrated refrigeration dryer, they deliver dry, clean compressed air at all times<\/li>\n<li>\u201cAll-in-one\u201d systems feature an advanced 6080 compressor controller to ensure reliable and efficient operation with maximum availability<br \/>\nThanks to the integrated refrigeration dryer, ACC systems deliver high quality compressed air that protects your tools and equipment from corrosion damage<\/li>\n<li>Travail minimal en mati\u00e8re de tuyauterie et d&#039;installation. Il suffit de raccorder le groupe d&#039;air comprim\u00e9 compact au r\u00e9seau d&#039;alimentation \u00e9lectrique et de distribution d&#039;air comprim\u00e9 et le tour est jou\u00e9<\/li>\n<\/ul>","protected":false},"excerpt":{"rendered":"<p>Compresseur \u00e0 vitesse fixe<br \/>\nD\u00e9bit d&#039;air libre 86 CFM \u00e0 100 PSI<br \/>\nLifetime Bumper to Bumper Exchange Warranty<\/p>","protected":false},"featured_media":44824,"template":"","meta":{"_glsr_average":0,"_glsr_ranking":0,"_glsr_reviews":0},"product_brand":[],"product_cat":[33],"product_tag":[58,56,63],"class_list":{"0":"post-44841","1":"product","2":"type-product","3":"status-publish","4":"has-post-thumbnail","6":"product_cat-acc-air-center-compressor","7":"product_tag-us-air-center-compressor","8":"product_tag-oil-injected-compressor","9":"product_tag-rotary-screw-air-compressor","11":"first","12":"instock","13":"taxable","14":"shipping-taxable","15":"purchasable","16":"product-type-simple"},"_links":{"self":[{"href":"https:\/\/aircompressorcanada.com\/fr\/wp-json\/wp\/v2\/product\/44841","targetHints":{"allow":["GET"]}}],"collection":[{"href":"https:\/\/aircompressorcanada.com\/fr\/wp-json\/wp\/v2\/product"}],"about":[{"href":"https:\/\/aircompressorcanada.com\/fr\/wp-json\/wp\/v2\/types\/product"}],"wp:featuredmedia":[{"embeddable":true,"href":"https:\/\/aircompressorcanada.com\/fr\/wp-json\/wp\/v2\/media\/44824"}],"wp:attachment":[{"href":"https:\/\/aircompressorcanada.com\/fr\/wp-json\/wp\/v2\/media?parent=44841"}],"wp:term":[{"taxonomy":"product_brand","embeddable":true,"href":"https:\/\/aircompressorcanada.com\/fr\/wp-json\/wp\/v2\/product_brand?post=44841"},{"taxonomy":"product_cat","embeddable":true,"href":"https:\/\/aircompressorcanada.com\/fr\/wp-json\/wp\/v2\/product_cat?post=44841"},{"taxonomy":"product_tag","embeddable":true,"href":"https:\/\/aircompressorcanada.com\/fr\/wp-json\/wp\/v2\/product_tag?post=44841"}],"curies":[{"name":"wp","href":"https:\/\/api.w.org\/{rel}","templated":true}]}}